{"id":83,"date":"2023-03-31T08:13:18","date_gmt":"2023-03-31T11:13:18","guid":{"rendered":"https:\/\/wordpress.argentinaroom.com.ar\/?page_id=83"},"modified":"2026-02-28T23:37:56","modified_gmt":"2026-03-01T02:37:56","slug":"quienes-somos","status":"publish","type":"page","link":"https:\/\/www.argentinaroom.com.ar\/?page_id=83","title":{"rendered":"Quienes Somos"},"content":{"rendered":"\n<hr class=\"wp-block-separator has-css-opacity is-style-default\"\/>\n\n\n<div\n\t\t\t\n\t\t\tclass=\"so-widget-sow-editor so-widget-sow-editor-base\"\n\t\t\t\n\t\t>\n<div class=\"siteorigin-widget-tinymce textwidget\">\n\t<p style=\"text-align: justify;\">Somos un grupo de radioaficionados entusiastas, los cuales tenemos como objetivo promover fundamentalmente la actividad radial por eso la Red de Argentina ROOM pionera en nuestro Pa\u00eds cuenta con una amplia cantidad de Nodos y Repetidoras en distintos modos (C4FM \u2013 DMR \u2013 D-STAR \u2013 FM), dicha Red se encuentra en crecimiento con el fin de \u00a0tener cobertura en los mayores puntos del Pa\u00eds logrando as\u00ed la integraci\u00f3n de todos los Radioaficionados cual sea el modo que tengan y as\u00ed poder acceder a toda la Red.<\/p>\n<p style=\"text-align: justify;\">Cabe destacar al colega <strong>LU4AE Claudio Zanella<\/strong> quien fue el primer radioaficionado argentino en poner sin que se conociera ac\u00e1 el <em><strong>primer nodo DMR<\/strong><\/em> gracias a su enorme conocimiento en comunicaciones digitales estando hoy d\u00eda dicho nodo activo 24&#215;7. \u00a0Actualmente \u00a0la Red cuenta con el\u00a0 <strong>Radio CLUB Avellaneda (LU7EO)<\/strong> <em>la primera repetidora Digital en modo DMR como instituciones<\/em>, no dejando de nombrar tambi\u00e9n a quienes nos acompa\u00f1an a diario en este crecimiento, <strong>Radio Club Miramar (LU7DZL) RPT Anal\u00f3gica\/Digital, la Repetidora de Concepci\u00f3n del Uruguay (LU9JMG) RPT Anal\u00f3gica, Radio Club Necochea (LU9EV) Nodo Anal\u00f3gico, , Radio Club La Plata (LU8DZE) Nodo Anal\u00f3gico, Centro de Radioaficionados del Eje Cafetero (Colombia) HK6REC, Repetidora DMR \u2013 Nodo DMR, como as\u00ed tambi\u00e9n a todos los colegas que forman parte de la red con sus nodos<\/strong><\/p>\n<\/div>\n<\/div>\n\n<div class=\"wp-block-image is-style-rounded\">\n<figure class=\"aligncenter size-full is-resized\"><img loading=\"lazy\" decoding=\"async\" width=\"430\" height=\"430\" src=\"https:\/\/wordpress.argentinaroom.com.ar\/wp-content\/uploads\/2023\/04\/Sin-titulo-1.jpg\" alt=\"\" class=\"wp-image-338\" style=\"width:186px;height:186px\" srcset=\"https:\/\/www.argentinaroom.com.ar\/wp-content\/uploads\/2023\/04\/Sin-titulo-1.jpg 430w, https:\/\/www.argentinaroom.com.ar\/wp-content\/uploads\/2023\/04\/Sin-titulo-1-300x300.jpg 300w, https:\/\/www.argentinaroom.com.ar\/wp-content\/uploads\/2023\/04\/Sin-titulo-1-150x150.jpg 150w\" sizes=\"auto, (max-width: 430px) 100vw, 430px\" \/><\/figure>\n<\/div>\n\n\n<p class=\"has-text-align-center\"><strong><em><a href=\"https:\/\/www.qrz.com\/db\/LU8EB\" data-type=\"URL\" data-id=\"https:\/\/www.qrz.com\/db\/LU8EB\" target=\"_blank\" rel=\"noreferrer noopener\">LU8EB &#8211; Marcelo<\/a><\/em><\/strong><\/p>\n\n\n\n<p class=\"has-text-align-center has-large-font-size\"><strong>Manager General<\/strong><\/p>\n\n\n\n<hr class=\"wp-block-separator has-css-opacity is-style-default\"\/>\n\n\n<div class=\"wp-block-image is-style-rounded\">\n<figure class=\"aligncenter size-full is-resized\"><img loading=\"lazy\" decoding=\"async\" width=\"430\" height=\"430\" src=\"https:\/\/wordpress.argentinaroom.com.ar\/wp-content\/uploads\/2023\/04\/JUAN.jpg\" alt=\"\" class=\"wp-image-391\" style=\"width:186px;height:186px\" srcset=\"https:\/\/www.argentinaroom.com.ar\/wp-content\/uploads\/2023\/04\/JUAN.jpg 430w, https:\/\/www.argentinaroom.com.ar\/wp-content\/uploads\/2023\/04\/JUAN-300x300.jpg 300w, https:\/\/www.argentinaroom.com.ar\/wp-content\/uploads\/2023\/04\/JUAN-150x150.jpg 150w\" sizes=\"auto, (max-width: 430px) 100vw, 430px\" \/><\/figure>\n<\/div>\n\n\n<p class=\"has-text-align-center\"><strong><em><a href=\"https:\/\/www.qrz.com\/db\/LU2CSG\" data-type=\"URL\" data-id=\"https:\/\/www.qrz.com\/db\/LU2CSG\" target=\"_blank\" rel=\"noreferrer noopener\">LU2CSG &#8211; Juan Manuel<\/a><\/em><\/strong><\/p>\n\n\n\n<p class=\"has-text-align-center has-large-font-size\"><strong><em>Manager <strong><em>Network <\/em><\/strong> <\/em><\/strong><\/p>\n\n\n\n<p class=\"has-text-align-center has-large-font-size\"><\/p>\n\n\n\n<hr class=\"wp-block-separator has-css-opacity is-style-default\"\/>\n\n\n<div class=\"wp-block-image is-style-rounded\">\n<figure class=\"aligncenter size-full is-resized\"><img loading=\"lazy\" decoding=\"async\" width=\"430\" height=\"430\" src=\"https:\/\/wordpress.argentinaroom.com.ar\/wp-content\/uploads\/2023\/04\/gaby.png\" alt=\"\" class=\"wp-image-364\" style=\"width:186px;height:186px\" srcset=\"https:\/\/www.argentinaroom.com.ar\/wp-content\/uploads\/2023\/04\/gaby.png 430w, https:\/\/www.argentinaroom.com.ar\/wp-content\/uploads\/2023\/04\/gaby-300x300.png 300w, https:\/\/www.argentinaroom.com.ar\/wp-content\/uploads\/2023\/04\/gaby-150x150.png 150w\" sizes=\"auto, (max-width: 430px) 100vw, 430px\" \/><\/figure>\n<\/div>\n\n\n<p class=\"has-text-align-center\"><strong><em><a href=\"https:\/\/www.qrz.com\/db\/LU9DLO\" data-type=\"URL\" data-id=\"https:\/\/www.qrz.com\/db\/LU9DLO\" target=\"_blank\" rel=\"noreferrer noopener\">LU9DLO &#8211; Gabriel<\/a><\/em><\/strong><\/p>\n\n\n\n<p class=\"has-text-align-center has-large-font-size\"><strong><em>Manager T\u00e9cnico <\/em><\/strong><\/p>\n\n\n\n<hr class=\"wp-block-separator has-css-opacity is-style-default\"\/>\n\n\n<div class=\"wp-block-image is-style-rounded\">\n<figure class=\"aligncenter size-large is-resized\"><img decoding=\"async\" src=\"https:\/\/www.argentinaroom.com.ar\/wp-content\/uploads\/2026\/02\/WhatsApp-Image-2026-02-09-at-22.01.55.jpg\" alt=\"\" style=\"aspect-ratio:1;width:178px;height:auto\"\/><\/figure>\n<\/div>\n\n\n<p class=\"has-text-align-center\"><em><strong><a href=\"https:\/\/www.qrz.com\/db\/LU4AE\" data-type=\"URL\" data-id=\"https:\/\/www.qrz.com\/db\/LU4AE\" target=\"_blank\" rel=\"noreferrer noopener\">LU4AE &#8211; Claudio<\/a><\/strong><\/em> <strong>SK<\/strong><\/p>\n\n\n\n<hr class=\"wp-block-separator has-css-opacity is-style-default\"\/>\n\n\n\n<p><\/p>\n","protected":false},"excerpt":{"rendered":"<p>&hellip; <\/p>\n","protected":false},"author":1,"featured_media":0,"parent":0,"menu_order":0,"comment_status":"closed","ping_status":"closed","template":"","meta":{"footnotes":""},"class_list":["post-83","page","type-page","status-publish","hentry"],"_links":{"self":[{"href":"https:\/\/www.argentinaroom.com.ar\/index.php?rest_route=\/wp\/v2\/pages\/83","targetHints":{"allow":["GET"]}}],"collection":[{"href":"https:\/\/www.argentinaroom.com.ar\/index.php?rest_route=\/wp\/v2\/pages"}],"about":[{"href":"https:\/\/www.argentinaroom.com.ar\/index.php?rest_route=\/wp\/v2\/types\/page"}],"author":[{"embeddable":true,"href":"https:\/\/www.argentinaroom.com.ar\/index.php?rest_route=\/wp\/v2\/users\/1"}],"replies":[{"embeddable":true,"href":"https:\/\/www.argentinaroom.com.ar\/index.php?rest_route=%2Fwp%2Fv2%2Fcomments&post=83"}],"version-history":[{"count":4,"href":"https:\/\/www.argentinaroom.com.ar\/index.php?rest_route=\/wp\/v2\/pages\/83\/revisions"}],"predecessor-version":[{"id":3034,"href":"https:\/\/www.argentinaroom.com.ar\/index.php?rest_route=\/wp\/v2\/pages\/83\/revisions\/3034"}],"wp:attachment":[{"href":"https:\/\/www.argentinaroom.com.ar\/index.php?rest_route=%2Fwp%2Fv2%2Fmedia&parent=83"}],"curies":[{"name":"wp","href":"https:\/\/api.w.org\/{rel}","templated":true}]}}