{"id":2865,"date":"2025-09-11T23:28:19","date_gmt":"2025-09-12T02:28:19","guid":{"rendered":"https:\/\/www.argentinaroom.com.ar\/?page_id=2865"},"modified":"2025-09-11T23:28:19","modified_gmt":"2025-09-12T02:28:19","slug":"accede-a-la-red-con-el-ht-del-momento","status":"publish","type":"page","link":"https:\/\/www.argentinaroom.com.ar\/?page_id=2865","title":{"rendered":"Accede a la Red con el HT del momento!!"},"content":{"rendered":"<div id=\"pl-gb2865-69e4962ea6ad6\"  class=\"panel-layout wp-block-siteorigin-panels-layout-block\" ><div id=\"pg-gb2865-69e4962ea6ad6-0\"  class=\"panel-grid panel-no-style\" ><div id=\"pgc-gb2865-69e4962ea6ad6-0-0\"  class=\"panel-grid-cell\" ><div id=\"panel-gb2865-69e4962ea6ad6-0-0-0\" class=\"so-panel widget widget_sow-editor panel-first-child panel-last-child\" data-index=\"0\" ><div\n\t\t\t\n\t\t\tclass=\"so-widget-sow-editor so-widget-sow-editor-base\"\n\t\t\t\n\t\t>\n<div class=\"siteorigin-widget-tinymce textwidget\">\n\t<p style=\"text-align: justify;\"><strong>Como acceder via RF con mi DM-32 DMR?<\/strong><\/p>\n<p style=\"text-align: justify;\"><span style=\"color: #008000;\"><strong>Para acceder via RF podr\u00e1s consultar en nuestro mapa de la Red los nodos y repetidores que se encuentran disponibles, para CABA y Zona Sur disponemos de varios accesos DMR<\/strong><\/span><\/p>\n<p style=\"text-align: justify;\"><strong>\u00a0<\/strong><strong>Puedo usar varios TGs para hablar?<\/strong><\/p>\n<p style=\"text-align: justify;\"><strong>\u00a0\u00a0\u00a0\u00a0\u00a0\u00a0<span style=\"color: #ff0000;\"> SI<\/span>, <span style=\"color: #008000;\">para eso debemos de tener algunas cuestiones en cuenta<\/span>.<\/strong><\/p>\n<ul style=\"text-align: justify;\">\n<li><span style=\"color: #008000;\"><strong><span style=\"color: #3366ff;\">Respetar siempre los Slot.<\/span> En DMR existes <u>2 canales que pueden mantener una comunicaci\u00f3n simult\u00e1neamente<\/u>, por regla general en el SLOT 1 \u2013 Se realizan comunicaciones en los Talkgroups Internacionales como por ejemplo TG 748 (Uruguay) \u2013 7487 (Uruguay Link) \u2013 724 (Brasil), etc incluso el TG 722 (Argentina) SLOT 2 \u2013 Se realizan comunicaciones locales, en este caso y accediendo a la infraestructura de la Red Argentina Room sobre ese SLOT seria el <span style=\"color: #ff0000;\">TG 7229 (Argentina Room)<\/span>.<\/strong><\/span><\/li>\n<li><span style=\"color: #008000;\"><strong><span style=\"color: #3366ff;\">Respecto al uso de la Infraestructura.<\/span> Por \u00e9tica Internacional el uso debe ser respetando la red, para eso cada Red tiene sus repetidores y nodos lo cual lleva un costo, un mantenimiento y un gasto mensual para tener los sistemas activos <span style=\"color: #3366ff;\">(<em><u>es l\u00f3gico y nadie deber\u00eda de tomarlo a mal, que cada integrante de la red ponga en servicio sus equipos y sean usados en la red a la cual pertenece<\/u><\/em>)<\/span>. Cabe destacar que esto cambia en el uso del SLOT 1 donde no hay ning\u00fan inconveniente en el uso (siempre respetando la regla del <span style=\"color: #3366ff;\">paso anterior<\/span>) solicitando que se use para comunicar y no para hacer escucha, ya que eso genera un tr\u00e1fico y un uso innecesario habiendo sistemas v\u00eda WEB o aplicaciones que pueden ser usados sin generar todo lo que genera un sistema RF. <\/strong><span style=\"text-decoration: underline; color: #ff0000;\"><span><strong>Esto NO es algo nuestro, pasa en otras redes locales y es tambi\u00e9n aplicado en el resto del mundo.<\/strong><\/span><\/span><\/span><\/li>\n<\/ul>\n<p style=\"text-align: justify;\"><strong>Debo desconectar el TG cuando ya no lo uso?<\/strong><\/p>\n<p style=\"text-align: justify;\"><strong><span style=\"color: #ff0000;\">SI<\/span>, <span style=\"color: #3366ff;\">y es muy importante hacerlo<\/span>. <span style=\"color: #008000;\">En el SLOT 2 no hay problema ya que los nodos y repetidores de la red est\u00e1n con el TG 7229 de forma est\u00e1tica, pero si usamos el SLOT 1 de forma internacional y no lo vamos a usar m\u00e1s, debemos de usar el comando 4000 <span style=\"color: #3366ff;\">(llamada privada al TG 4000)<\/span> para desconectarla y dejar el SLOT libre.<\/span><\/strong><\/p>\n<p style=\"text-align: justify;\"><strong>\u00a0<\/strong><\/p>\n<p style=\"text-align: justify;\"><span style=\"color: #ff0000;\"><strong>Hagamos entre todos un buen uso del sistema, recuerde que en la Red Argentina Room conviven varios sistemas (protocolos) que tienen tiempos distintos, por eso recalcamos la importancia de dejar previa entre cambio y cambio de al menos 5 segundos para que todos eso sistemas se acomoden en tiempo.<\/strong><\/span><\/p>\n<\/div>\n<\/div><\/div><\/div><\/div><div id=\"pg-gb2865-69e4962ea6ad6-1\"  class=\"panel-grid panel-no-style\" ><div id=\"pgc-gb2865-69e4962ea6ad6-1-0\"  class=\"panel-grid-cell panel-grid-cell-empty\" ><\/div><\/div><\/div>","protected":false},"excerpt":{"rendered":"<p>&hellip; <\/p>\n","protected":false},"author":1,"featured_media":0,"parent":0,"menu_order":0,"comment_status":"open","ping_status":"closed","template":"","meta":{"footnotes":""},"class_list":["post-2865","page","type-page","status-publish","hentry"],"_links":{"self":[{"href":"https:\/\/www.argentinaroom.com.ar\/index.php?rest_route=\/wp\/v2\/pages\/2865","targetHints":{"allow":["GET"]}}],"collection":[{"href":"https:\/\/www.argentinaroom.com.ar\/index.php?rest_route=\/wp\/v2\/pages"}],"about":[{"href":"https:\/\/www.argentinaroom.com.ar\/index.php?rest_route=\/wp\/v2\/types\/page"}],"author":[{"embeddable":true,"href":"https:\/\/www.argentinaroom.com.ar\/index.php?rest_route=\/wp\/v2\/users\/1"}],"replies":[{"embeddable":true,"href":"https:\/\/www.argentinaroom.com.ar\/index.php?rest_route=%2Fwp%2Fv2%2Fcomments&post=2865"}],"version-history":[{"count":3,"href":"https:\/\/www.argentinaroom.com.ar\/index.php?rest_route=\/wp\/v2\/pages\/2865\/revisions"}],"predecessor-version":[{"id":2899,"href":"https:\/\/www.argentinaroom.com.ar\/index.php?rest_route=\/wp\/v2\/pages\/2865\/revisions\/2899"}],"wp:attachment":[{"href":"https:\/\/www.argentinaroom.com.ar\/index.php?rest_route=%2Fwp%2Fv2%2Fmedia&parent=2865"}],"curies":[{"name":"wp","href":"https:\/\/api.w.org\/{rel}","templated":true}]}}