{"id":1614,"date":"2023-04-20T11:51:43","date_gmt":"2023-04-20T14:51:43","guid":{"rendered":"https:\/\/wordpress.argentinaroom.com.ar\/?page_id=1614"},"modified":"2023-04-20T11:51:45","modified_gmt":"2023-04-20T14:51:45","slug":"ari-300-software-interfase-para-nodo-analogicos","status":"publish","type":"page","link":"https:\/\/www.argentinaroom.com.ar\/?page_id=1614","title":{"rendered":"*\u00a0ARI-300 Software interfase para Nodo Analogicos\u00a0"},"content":{"rendered":"<div id=\"pl-gb1614-69f73b07f41a0\"  class=\"panel-layout\" ><div id=\"pg-gb1614-69f73b07f41a0-0\"  class=\"panel-grid panel-no-style\" ><div id=\"pgc-gb1614-69f73b07f41a0-0-0\"  class=\"panel-grid-cell\" ><div id=\"panel-gb1614-69f73b07f41a0-0-0-0\" class=\"so-panel widget widget_sow-image panel-first-child panel-last-child\" data-index=\"0\" ><div\n\t\t\t\n\t\t\tclass=\"so-widget-sow-image so-widget-sow-image-default-113ccd71f3e6-1614\"\n\t\t\t\n\t\t>\n<div class=\"sow-image-container\">\n\t\t<img \n\tsrc=\"https:\/\/www.argentinaroom.com.ar\/wp-content\/uploads\/2023\/04\/Flyer-ARI-300-Web.jpg\" width=\"1239\" height=\"163\" srcset=\"https:\/\/www.argentinaroom.com.ar\/wp-content\/uploads\/2023\/04\/Flyer-ARI-300-Web.jpg 1239w, https:\/\/www.argentinaroom.com.ar\/wp-content\/uploads\/2023\/04\/Flyer-ARI-300-Web-300x39.jpg 300w, https:\/\/www.argentinaroom.com.ar\/wp-content\/uploads\/2023\/04\/Flyer-ARI-300-Web-1024x135.jpg 1024w, https:\/\/www.argentinaroom.com.ar\/wp-content\/uploads\/2023\/04\/Flyer-ARI-300-Web-768x101.jpg 768w\" sizes=\"(max-width: 1239px) 100vw, 1239px\" title=\"Flyer ARI-300 Web\" alt=\"\" \t\tclass=\"so-widget-image\"\/>\n\t<\/div>\n\n<\/div><\/div><\/div><\/div><div id=\"pg-gb1614-69f73b07f41a0-1\"  class=\"panel-grid panel-no-style\" ><div id=\"pgc-gb1614-69f73b07f41a0-1-0\"  class=\"panel-grid-cell\" ><div id=\"panel-gb1614-69f73b07f41a0-1-0-0\" class=\"so-panel widget widget_sow-editor panel-first-child panel-last-child\" data-index=\"1\" ><div\n\t\t\t\n\t\t\tclass=\"so-widget-sow-editor so-widget-sow-editor-base\"\n\t\t\t\n\t\t>\n<div class=\"siteorigin-widget-tinymce textwidget\">\n\t<div style=\"text-align: justify;\"><span class=\"cf2\"><strong>ARI-300 &#8211; Aplicaci\u00f3n Interfase para armar nodos Anal\u00f3gicos sin necesidad de equipos Yaesu espec\u00edficos y de costosos interfase como el conocido HRI200 de Yaesu<\/strong>. Sin problemas de puertos, menos costo de armado. Con casi cualquier equipo pod\u00e9s armar un nodo anal\u00f3gico e integrarte la red N\u00ba 1 en infraestructura de RF de Argentina y conectarte a la Red Digital Voice &nbsp;ARGENTINA ROOM. Como siempre pensando en llegar a cada uno de los radioaficionados sin dejar a nadie afuera para que puedas disfrutar de contactar con cualquier radioaficionado del mundo que pase a comunicar por nuestro ROOM.<\/span><\/div>\n<div style=\"text-align: justify;\"><span class=\"cf2\">&nbsp;<\/span><\/div>\n<div style=\"text-align: justify;\"><span class=\"cf2\">De desarrollo 100% Argentino de la mano LU4AE Claudio Zanella Administrador de la Red Argentina room y Administrador en Argentina de BrandMeister<\/span><\/div>\n<p style=\"text-align: center;\"><img decoding=\"async\" class=\"aligncenter\" src=\"https:\/\/www.argentinaroom.com.ar\/images\/image123.png\"\/><\/p>\n<div>\n<div class=\"imTAJustify\">\n<div style=\"text-align: justify;\"><span class=\"fs14lh1-5 cf2\">Queres unirte armando uno? Env\u00edanos un mail a <em>red.argentinaroom@gmail<\/em> &nbsp;y obtene mas informaci\u00f3n sobre la misma y su fecha de lanzamiento.<\/span><\/div>\n<\/div>\n<div class=\"imTAJustify\" style=\"text-align: justify;\"><b><u><span class=\"fs14lh1-5 cf2 ff1\">&nbsp;<\/span><\/u><\/b><\/div>\n<div class=\"imTAJustify\" style=\"text-align: justify;\"><span class=\"fs14lh1-5\"><b><u><span class=\"cf2\">En esta p\u00e1gina encontraras todas las im\u00e1genes y todas las actualizaciones que se vallan haciendo para que puedas descargarlas y mantener tu imagen actualizada.<\/span><\/u><\/b><br \/>\n<\/span><\/div>\n<\/div>\n<div style=\"text-align: justify;\">&nbsp;<\/div>\n<div style=\"text-align: center;\"><img decoding=\"async\" src=\"https:\/\/www.argentinaroom.com.ar\/images\/Captura-remote-bridge.PNG.jpg\"\/><\/div>\n<div>&nbsp;<\/div>\n<div>\n<div><b><i><span class=\"fs14lh1-5 cf2\">\u00bfQue Necesito para armar un nodo Anal\u00f3gico e integrarme a la Red Digital Anal\u00f3gica ARGENTINA ROOM?<\/span><\/i><\/b><\/div>\n<div><b><i><span class=\"fs14lh1-5 cf2\">&nbsp;<\/span><\/i><\/b><\/div>\n<p>&nbsp;<\/p>\n<div class=\"imTALeft\"><span class=\"cf2\"><span class=\"fs14lh1-5\">1.<\/span><span class=\"fs14lh1-5\">&nbsp;&nbsp;&nbsp;&nbsp;&nbsp;<\/span><span class=\"fs14lh1-5\">Equipo base anal\u00f3gico*<\/span><\/span><\/div>\n<div class=\"imTALeft\"><span class=\"cf2\"><span class=\"fs14lh1-5\">2.<\/span><span class=\"fs14lh1-5\">&nbsp;&nbsp;&nbsp;&nbsp;&nbsp;<\/span><span class=\"fs14lh1-5\">Raspberry Pi 3 o superior (con la Pi3 es suficiente)<\/span><\/span><\/div>\n<div class=\"imTALeft\"><span class=\"cf2\"><span class=\"fs14lh1-5\">3.<\/span><span class=\"fs14lh1-5\">&nbsp;&nbsp;&nbsp;&nbsp;&nbsp;<\/span><span class=\"fs14lh1-5\">SD 16 Gb o superior<\/span><\/span><\/div>\n<div class=\"imTALeft\"><span class=\"cf2\"><span class=\"fs14lh1-5\">4.<\/span><span class=\"fs14lh1-5\">&nbsp;&nbsp;&nbsp;&nbsp;&nbsp;<\/span><span class=\"fs14lh1-5\">Cable Adaptador USB a RS232 &#8211; DB9 Macho<\/span><span class=\"fs14lh1-5\">&nbsp;&nbsp;<\/span><span class=\"fs14lh1-5\">(Se recomienda que sea de buena calidad)<\/span><\/span><\/div>\n<div class=\"imTALeft\"><span class=\"cf2\"><span class=\"fs14lh1-5\">5.<\/span><span class=\"fs14lh1-5\">&nbsp;&nbsp;&nbsp;&nbsp;&nbsp;<\/span><span class=\"fs14lh1-5\">1 ficha para armar tipo DB9 Hembra<\/span><span class=\"fs14lh1-5\">&nbsp;&nbsp;<\/span><\/span><\/div>\n<div class=\"imTALeft\"><span class=\"cf2\"><span class=\"fs14lh1-5\">6.<\/span><span class=\"fs14lh1-5\">&nbsp;&nbsp;&nbsp;&nbsp;&nbsp;<\/span><span class=\"fs14lh1-5\">2 fichas Plug est\u00e9reo para armar<\/span><\/span><\/div>\n<div class=\"imTALeft\"><span class=\"cf2\"><span class=\"fs14lh1-5\">7.<\/span><span class=\"fs14lh1-5\">&nbsp;&nbsp;&nbsp;&nbsp;&nbsp;<\/span><span class=\"fs14lh1-5\">1 transistor BC547 o 2N2222 + 1 Resistencia de 4.7 Kohms<\/span><\/span><\/div>\n<div class=\"imTALeft\"><span class=\"cf2\"><span class=\"fs14lh1-5\">8.<\/span><span class=\"fs14lh1-5\">&nbsp;&nbsp;&nbsp;&nbsp;&nbsp;<\/span><span class=\"fs14lh1-5\">Cables para el armado<\/span><\/span><\/div>\n<div class=\"imTALeft\"><span class=\"cf2\"><span class=\"fs14lh1-5\">9.<\/span><span class=\"fs14lh1-5\">&nbsp;&nbsp;&nbsp;&nbsp;&nbsp;<\/span><span class=\"fs14lh1-5\">&nbsp;<\/span><span class=\"fs14lh1-5\">PC con Windows + Software ARI-300<\/span><\/span><\/div>\n<div class=\"imTALeft\">&nbsp;<\/div>\n<div class=\"imTAJustify\" style=\"text-align: justify;\"><span class=\"fs14lh1-5 cf2\">*(Los equipos anal\u00f3gicos pueden ser cualquiera y dependiendo de cuanto sepamos de electr\u00f3nica se pueden usar, los recomendados y usados para este proyecto fueron equipos con PINES accesibles para tomar las salidas que necesitamos, los usados fueron los equipos Viejos Motorola (Pro3100 &#8211; Pro5100 \u2013 GM300) Se recomienda el Pro3100 por su durabilidad y bajo costo del mismo.<\/span><\/div>\n<\/div>\n<div>&nbsp;<\/div>\n<div style=\"text-align: center;\"><img decoding=\"async\" src=\"https:\/\/www.argentinaroom.com.ar\/images\/Interface-ARI300--Circuito-Electrico-.jpg\"\/><\/div>\n<div>&nbsp;<\/div>\n<div style=\"text-align: justify;\">Para un mejor control de la Red, dado a la demanda del Software ARI300 para la confecci\u00f3n de nodos anal\u00f3gicos creamos un registro por cualquier eventualidad en la cual necesitemos contactar con el responsable del nodo ( loops, reconexiones, etc). Una vez completado el formulario se estar\u00e1 mandando el enlace de descarga al mail informado&nbsp;<span class=\"imUl fs14lh1-5\"><b>dentro de las 24 horas de recibido el presente<\/b><\/span>. Desde ya muchas gracias y bienvenidos a la Red ARGENTINA ROOM<\/div>\n<div>&nbsp;<\/div>\n<div><span style=\"color: #ff6600;\"><b><span class=\"fs14lh1-5 cf3\">Im\u00e1genes disponibles para descargar<\/span><\/b><\/span><\/div>\n<div><a class=\"imCssLink\" href=\"https:\/\/docs.google.com\/forms\/d\/e\/1FAIpQLSelzbeSEFKOPiOsza3njcDQ46hPwQ0aR_aIDA5tDTGf3OCZwQ\/viewform\" target=\"_blank\" rel=\"noopener\">ari-300_v1.1a-27062022<\/a>&nbsp;(Enlace Formulario)<\/div>\n<div>&nbsp;<\/div>\n<div style=\"text-align: center;\">\n<figure id=\"attachment_1600\" aria-describedby=\"caption-attachment-1600\" style=\"width: 177px\" class=\"wp-caption alignleft\"><img loading=\"lazy\" decoding=\"async\" class=\"wp-image-1600\" src=\"https:\/\/wordpress.argentinaroom.com.ar\/wp-content\/uploads\/2023\/04\/Downloadable-PDF-Button-PNG-HD-Image-300x88.png\" alt=\"B\u00e1jate el instructivo actualizado\" width=\"177\" height=\"52\" srcset=\"https:\/\/www.argentinaroom.com.ar\/wp-content\/uploads\/2023\/04\/Downloadable-PDF-Button-PNG-HD-Image-300x88.png 300w, https:\/\/www.argentinaroom.com.ar\/wp-content\/uploads\/2023\/04\/Downloadable-PDF-Button-PNG-HD-Image-1024x299.png 1024w, https:\/\/www.argentinaroom.com.ar\/wp-content\/uploads\/2023\/04\/Downloadable-PDF-Button-PNG-HD-Image-768x224.png 768w, https:\/\/www.argentinaroom.com.ar\/wp-content\/uploads\/2023\/04\/Downloadable-PDF-Button-PNG-HD-Image-1536x449.png 1536w, https:\/\/www.argentinaroom.com.ar\/wp-content\/uploads\/2023\/04\/Downloadable-PDF-Button-PNG-HD-Image-2048x598.png 2048w\" sizes=\"auto, (max-width: 177px) 100vw, 177px\" \/><figcaption id=\"caption-attachment-1600\" class=\"wp-caption-text\"><em><strong>B\u00e1jate el instructivo actualizado<\/strong><\/em><\/figcaption><\/figure>\n<\/div>\n<div>\n<h4 style=\"text-align: center;\">&nbsp;<\/h4>\n<\/div>\n<div class=\"imTAJustify\">&nbsp;<\/div>\n<\/div>\n<\/div><\/div><\/div><\/div><\/div>\n\n\n<div class=\"wp-block-comments\">\n\n\n\n\t<div id=\"respond\" class=\"comment-respond wp-block-post-comments-form\">\n\t\t<h3 id=\"reply-title\" class=\"comment-reply-title\">Deja un comentario <small><a rel=\"nofollow\" id=\"cancel-comment-reply-link\" href=\"\/index.php?rest_route=%2Fwp%2Fv2%2Fpages%2F1614#respond\" style=\"display:none;\">Cancelar respuesta<\/a><\/small><\/h3><form action=\"https:\/\/www.argentinaroom.com.ar\/wp-comments-post.php\" method=\"post\" id=\"commentform\" class=\"comment-form\"><p class=\"comment-notes\"><span id=\"email-notes\">Tu direcci\u00f3n de correo electr\u00f3nico no ser\u00e1 publicada.<\/span> <span class=\"required-field-message\">Los campos obligatorios est\u00e1n marcados con <span class=\"required\">*<\/span><\/span><\/p><p class=\"comment-form-comment\"><label for=\"comment\">Comentario <span class=\"required\">*<\/span><\/label> <textarea id=\"comment\" name=\"comment\" cols=\"45\" rows=\"8\" maxlength=\"65525\" required><\/textarea><\/p><p class=\"comment-form-author\"><label for=\"author\">Nombre <span class=\"required\">*<\/span><\/label> <input id=\"author\" name=\"author\" type=\"text\" value=\"\" size=\"30\" maxlength=\"245\" autocomplete=\"name\" required \/><\/p>\n<p class=\"comment-form-email\"><label for=\"email\">Correo electr\u00f3nico <span class=\"required\">*<\/span><\/label> <input id=\"email\" name=\"email\" type=\"email\" value=\"\" size=\"30\" maxlength=\"100\" aria-describedby=\"email-notes\" autocomplete=\"email\" required \/><\/p>\n<p class=\"comment-form-url\"><label for=\"url\">Web<\/label> <input id=\"url\" name=\"url\" type=\"url\" value=\"\" size=\"30\" maxlength=\"200\" autocomplete=\"url\" \/><\/p>\n<p class=\"comment-form-cookies-consent\"><input id=\"wp-comment-cookies-consent\" name=\"wp-comment-cookies-consent\" type=\"checkbox\" value=\"yes\" \/> <label for=\"wp-comment-cookies-consent\">Guardar mi nombre, correo electr\u00f3nico y sitio web en este navegador para la pr\u00f3xima vez que haga un comentario.<\/label><\/p>\n<p class=\"form-submit\"><input name=\"submit\" type=\"submit\" id=\"submit\" class=\"submit\" value=\"Publicar comentario\" \/> <input type='hidden' name='comment_post_ID' value='1614' id='comment_post_ID' \/>\n<input type='hidden' name='comment_parent' id='comment_parent' value='0' \/>\n<\/p><p style=\"display: none;\"><input type=\"hidden\" id=\"akismet_comment_nonce\" name=\"akismet_comment_nonce\" value=\"57004b8999\" \/><\/p><p style=\"display: none !important;\" class=\"akismet-fields-container\" data-prefix=\"ak_\"><label>&#916;<textarea name=\"ak_hp_textarea\" cols=\"45\" rows=\"8\" maxlength=\"100\"><\/textarea><\/label><input type=\"hidden\" id=\"ak_js_1\" name=\"ak_js\" value=\"22\"\/><script>document.getElementById( \"ak_js_1\" ).setAttribute( \"value\", ( new Date() ).getTime() );<\/script><\/p><\/form>\t<\/div><!-- #respond -->\n\t<\/div>\n","protected":false},"excerpt":{"rendered":"<p>&hellip; <\/p>\n","protected":false},"author":1,"featured_media":0,"parent":0,"menu_order":0,"comment_status":"open","ping_status":"closed","template":"","meta":{"footnotes":""},"class_list":["post-1614","page","type-page","status-publish","hentry"],"_links":{"self":[{"href":"https:\/\/www.argentinaroom.com.ar\/index.php?rest_route=\/wp\/v2\/pages\/1614","targetHints":{"allow":["GET"]}}],"collection":[{"href":"https:\/\/www.argentinaroom.com.ar\/index.php?rest_route=\/wp\/v2\/pages"}],"about":[{"href":"https:\/\/www.argentinaroom.com.ar\/index.php?rest_route=\/wp\/v2\/types\/page"}],"author":[{"embeddable":true,"href":"https:\/\/www.argentinaroom.com.ar\/index.php?rest_route=\/wp\/v2\/users\/1"}],"replies":[{"embeddable":true,"href":"https:\/\/www.argentinaroom.com.ar\/index.php?rest_route=%2Fwp%2Fv2%2Fcomments&post=1614"}],"version-history":[{"count":0,"href":"https:\/\/www.argentinaroom.com.ar\/index.php?rest_route=\/wp\/v2\/pages\/1614\/revisions"}],"wp:attachment":[{"href":"https:\/\/www.argentinaroom.com.ar\/index.php?rest_route=%2Fwp%2Fv2%2Fmedia&parent=1614"}],"curies":[{"name":"wp","href":"https:\/\/api.w.org\/{rel}","templated":true}]}}